{"id":11,"date":"2021-04-17T22:43:15","date_gmt":"2021-04-17T22:43:15","guid":{"rendered":"http:\/\/opukapribyslav.cz\/?page_id=11"},"modified":"2023-03-11T14:05:32","modified_gmt":"2023-03-11T14:05:32","slug":"o-nas","status":"publish","type":"page","link":"https:\/\/opukapribyslav.cz\/?page_id=11","title":{"rendered":"Kdo jsme"},"content":{"rendered":"\n<pre class=\"wp-block-verse\">Se\u0161li jsme se na kraji m\u011bsta a rozhl\u00e9dli kolem sebe. Zaclonili o\u010di a pohl\u00e9dli sm\u011brem na obzor k z\u00e1padu. Ozvalo se slab\u00e9 k\u0159upnut\u00ed. N\u011bkdo pr\u00e1v\u011b roz\u0161l\u00e1pl mandelinku bramborovou, aj. \n\n\" Pust\u00edme se do toho?\". \"Ok\". \n\nVyhrnuli jsme si ruk\u00e1vy a za\u010dali s\u00e1zet. Zat\u00edm jsme nep\u0159estali. <\/pre>\n\n\n\n<div class=\"wp-block-image\"><figure class=\"aligncenter\"><img loading=\"lazy\" decoding=\"async\" width=\"1024\" height=\"512\" src=\"https:\/\/opukapribyslav.cz\/wp-content\/uploads\/2021\/04\/opuka-spolecna-1024x512.jpg\" alt=\"\" class=\"wp-image-176\" srcset=\"https:\/\/opukapribyslav.cz\/wp-content\/uploads\/2021\/04\/opuka-spolecna-1024x512.jpg 1024w, https:\/\/opukapribyslav.cz\/wp-content\/uploads\/2021\/04\/opuka-spolecna-300x150.jpg 300w, https:\/\/opukapribyslav.cz\/wp-content\/uploads\/2021\/04\/opuka-spolecna-768x384.jpg 768w, https:\/\/opukapribyslav.cz\/wp-content\/uploads\/2021\/04\/opuka-spolecna-1536x768.jpg 1536w, https:\/\/opukapribyslav.cz\/wp-content\/uploads\/2021\/04\/opuka-spolecna-2048x1024.jpg 2048w\" sizes=\"auto, (max-width: 1024px) 100vw, 1024px\" \/><\/figure><\/div>\n\n\n\n<pre class=\"wp-block-verse\">Modelujeme krajinu, hrajeme si se d\u0159evem, m\u00e1me r\u00e1di nen\u00e1padn\u00fd p\u016fvab v\u011bc\u00ed, a\u0165 u\u017e u sebe doma nebo v&nbsp;na\u0161em okol\u00ed. Po\u0159\u00e1d\u00e1me p\u0159edn\u00e1\u0161ky o architektu\u0159e a urbanismu, inspirujeme. \u017dijeme v&nbsp;P\u0159ibyslavi a na Ransku, prostoru na p\u016fl cesty mezi \u017delezn\u00fdmi horami a \u017d\u010f\u00e1rsk\u00fdmi vrchy. \n\nVe voln\u00e9m \u010dase sb\u00edr\u00e1me hezk\u00e9 p\u016fdn\u00ed eroze, k\u00e1c\u00edme t\u00faje, demontujeme z\u00e1mkov\u00e9 dla\u017eby a pla\u0161\u00edme srnky soused\u016fm. P\u0159ije\u010fte se k&nbsp;n\u00e1m pod\u00edvat.<\/pre>\n\n\n\n<pre class=\"wp-block-verse\"><strong>O<\/strong>b\u010dan\u00e9 <strong>P<\/strong>\u0159ibyslavi pro <strong>U<\/strong>rbanismus, <strong>K<\/strong>rajin\u00e1\u0159stv\u00ed a <strong>A<\/strong>rchitekturu.<\/pre>\n\n\n\n<p class=\"has-text-align-left\"><\/p>\n","protected":false},"excerpt":{"rendered":"<p>Se\u0161li jsme se na kraji m\u011bsta a rozhl\u00e9dli kolem sebe. Zaclonili o\u010di a pohl\u00e9dli sm\u011brem na obzor k z\u00e1padu. Ozvalo se slab\u00e9 k\u0159upnut\u00ed. N\u011bkdo pr\u00e1v\u011b roz\u0161l\u00e1pl mandelinku bramborovou, aj. &#8220; Pust\u00edme se do toho?&#8220;. &#8222;Ok&#8220;. Vyhrnuli jsme si ruk\u00e1vy a za\u010dali s\u00e1zet. Zat\u00edm jsme nep\u0159estali. Modelujeme krajinu, hrajeme si se d\u0159evem, m\u00e1me r\u00e1di nen\u00e1padn\u00fd p\u016fvab &hellip;<\/p>\n<p class=\"read-more\"> <a class=\"\" href=\"https:\/\/opukapribyslav.cz\/?page_id=11\"> <span class=\"screen-reader-text\">Kdo jsme<\/span> Pokra\u010dovat ve \u010dten\u00ed &raquo;<\/a><\/p>\n","protected":false},"author":1,"featured_media":0,"parent":0,"menu_order":0,"comment_status":"closed","ping_status":"closed","template":"","meta":{"footnotes":""},"class_list":["post-11","page","type-page","status-publish","hentry"],"_links":{"self":[{"href":"https:\/\/opukapribyslav.cz\/index.php?rest_route=\/wp\/v2\/pages\/11","targetHints":{"allow":["GET"]}}],"collection":[{"href":"https:\/\/opukapribyslav.cz\/index.php?rest_route=\/wp\/v2\/pages"}],"about":[{"href":"https:\/\/opukapribyslav.cz\/index.php?rest_route=\/wp\/v2\/types\/page"}],"author":[{"embeddable":true,"href":"https:\/\/opukapribyslav.cz\/index.php?rest_route=\/wp\/v2\/users\/1"}],"replies":[{"embeddable":true,"href":"https:\/\/opukapribyslav.cz\/index.php?rest_route=%2Fwp%2Fv2%2Fcomments&post=11"}],"version-history":[{"count":31,"href":"https:\/\/opukapribyslav.cz\/index.php?rest_route=\/wp\/v2\/pages\/11\/revisions"}],"predecessor-version":[{"id":536,"href":"https:\/\/opukapribyslav.cz\/index.php?rest_route=\/wp\/v2\/pages\/11\/revisions\/536"}],"wp:attachment":[{"href":"https:\/\/opukapribyslav.cz\/index.php?rest_route=%2Fwp%2Fv2%2Fmedia&parent=11"}],"curies":[{"name":"wp","href":"https:\/\/api.w.org\/{rel}","templated":true}]}}