{"id":12,"date":"2021-04-17T22:43:15","date_gmt":"2021-04-17T22:43:15","guid":{"rendered":"http:\/\/opukapribyslav.cz\/?page_id=12"},"modified":"2021-04-21T18:21:47","modified_gmt":"2021-04-21T18:21:47","slug":"kontakt","status":"publish","type":"page","link":"https:\/\/opukapribyslav.cz\/?page_id=12","title":{"rendered":"Kontakt"},"content":{"rendered":"\n<pre class=\"wp-block-verse\">OPUKA z.s. P\u0159ibyslav (u Havl\u00ed\u010dkova Brodu)<\/pre>\n\n\n\n<pre class=\"wp-block-verse\">Ond\u0159ej Lehrl 739 570 986\n\nJan Jajtner 606 538 934\n<\/pre>\n\n\n\n<pre class=\"wp-block-verse\"><a rel=\"noreferrer noopener\" href=\"mailto:opukapribyslav@gmail.com\" target=\"_blank\">opukapribyslav@gmail.com<\/a><\/pre>\n","protected":false},"excerpt":{"rendered":"<p>OPUKA z.s. P\u0159ibyslav (u Havl\u00ed\u010dkova Brodu) Ond\u0159ej Lehrl 739 570 986 Jan Jajtner 606 538 934 opukapribyslav@gmail.com<\/p>\n","protected":false},"author":1,"featured_media":0,"parent":0,"menu_order":0,"comment_status":"closed","ping_status":"closed","template":"","meta":{"footnotes":""},"class_list":["post-12","page","type-page","status-publish","hentry"],"_links":{"self":[{"href":"https:\/\/opukapribyslav.cz\/index.php?rest_route=\/wp\/v2\/pages\/12","targetHints":{"allow":["GET"]}}],"collection":[{"href":"https:\/\/opukapribyslav.cz\/index.php?rest_route=\/wp\/v2\/pages"}],"about":[{"href":"https:\/\/opukapribyslav.cz\/index.php?rest_route=\/wp\/v2\/types\/page"}],"author":[{"embeddable":true,"href":"https:\/\/opukapribyslav.cz\/index.php?rest_route=\/wp\/v2\/users\/1"}],"replies":[{"embeddable":true,"href":"https:\/\/opukapribyslav.cz\/index.php?rest_route=%2Fwp%2Fv2%2Fcomments&post=12"}],"version-history":[{"count":12,"href":"https:\/\/opukapribyslav.cz\/index.php?rest_route=\/wp\/v2\/pages\/12\/revisions"}],"predecessor-version":[{"id":483,"href":"https:\/\/opukapribyslav.cz\/index.php?rest_route=\/wp\/v2\/pages\/12\/revisions\/483"}],"wp:attachment":[{"href":"https:\/\/opukapribyslav.cz\/index.php?rest_route=%2Fwp%2Fv2%2Fmedia&parent=12"}],"curies":[{"name":"wp","href":"https:\/\/api.w.org\/{rel}","templated":true}]}}