{"id":29,"date":"2021-04-17T22:49:18","date_gmt":"2021-04-17T22:49:18","guid":{"rendered":"http:\/\/opukapribyslav.cz\/?page_id=29"},"modified":"2024-03-04T10:07:02","modified_gmt":"2024-03-04T10:07:02","slug":"colibri-wp","status":"publish","type":"page","link":"https:\/\/opukapribyslav.cz\/","title":{"rendered":""},"content":{"rendered":"\n<p class=\"has-black-color has-text-color has-link-color has-large-font-size wp-elements-79cda51b1841c23ff9d1dc68a242db48\"><\/p>\n\n\n\n<h1 class=\"wp-block-heading has-medium-font-size\">AKTUALITY<\/h1>\n\n\n\n<div style=\"height:100px\" aria-hidden=\"true\" class=\"wp-block-spacer\"><\/div>\n\n\n\n<p class=\"has-black-color has-text-color has-link-color has-medium-font-size wp-elements-2749421601cbadb5abc899e637a6b949\"><strong>T\u0159in\u00e1ct n\u00e1vrh\u016f je nadstandard, \u0159\u00edk\u00e1 architekt Vod\u00e1k<\/strong><\/p>\n\n\n\n<p>Rozhovor s panem Ing. arch Miroslavem Vod\u00e1kem na t\u00e9ma revitalizace Bechy\u0148ova n\u00e1m\u011bst\u00ed v P\u0159ibyslavi.<\/p>\n\n\n\n<p><br><em>Miroslav Vod\u00e1k \/ 1979 &#8211; je absolvent Fakulty architektury \u010cVUT. Architektonickou praxi z\u00edskal v ateli\u00e9rech A8000 St\u0159\u00edteck\u00fd Krupauer a CGA Architects v New Yorku. Jako \u010dlen platformy <a href=\"http:\/\/www.cbarchitektura.cz\/\" target=\"_blank\" rel=\"noreferrer noopener\">CBArchitektura<\/a> se v\u011bnuje propagaci architektury ve\u0159ejn\u00fdch staveb a prostranstv\u00ed a organizaci architektonick\u00fdch sout\u011b\u017e\u00ed. V posledn\u00edch letech spolupracoval na projektech termin\u00e1l\u016f vysokorychlostn\u00edch trat\u00ed nebo sout\u011b\u017ei na Vltavskou filharmonii.&nbsp;<\/em><br><br><\/p>\n\n\n\n<figure class=\"wp-block-image size-large is-resized\"><img loading=\"lazy\" decoding=\"async\" width=\"1024\" height=\"1024\" src=\"https:\/\/opukapribyslav.cz\/wp-content\/uploads\/2024\/02\/vodak-1024x1024.jpg\" alt=\"\" class=\"wp-image-958\" style=\"width:500px\" srcset=\"https:\/\/opukapribyslav.cz\/wp-content\/uploads\/2024\/02\/vodak-1024x1024.jpg 1024w, https:\/\/opukapribyslav.cz\/wp-content\/uploads\/2024\/02\/vodak-300x300.jpg 300w, https:\/\/opukapribyslav.cz\/wp-content\/uploads\/2024\/02\/vodak-150x150.jpg 150w, https:\/\/opukapribyslav.cz\/wp-content\/uploads\/2024\/02\/vodak-768x768.jpg 768w, https:\/\/opukapribyslav.cz\/wp-content\/uploads\/2024\/02\/vodak-1536x1536.jpg 1536w, https:\/\/opukapribyslav.cz\/wp-content\/uploads\/2024\/02\/vodak.jpg 1920w\" sizes=\"auto, (max-width: 1024px) 100vw, 1024px\" \/><\/figure>\n\n\n\n<p><br><em>zdroj: earch.cz\/archiv<\/em><\/p>\n\n\n\n<p><strong>Spolupracoval jste na architektonick\u00e9 sout\u011b\u017ei na novou budovu Vltavsk\u00e9 filharmonie, termin\u00e1lech pl\u00e1novan\u00fdch vysokorychlostn\u00edch trat\u00ed, a te\u010f u n\u00e1s na revitalizaci Bechy\u0148ova n\u00e1m\u011bst\u00ed v P\u0159ibyslavi. Zkuste ve zkratce popsat otev\u0159enou architektonickou sout\u011b\u017e (AS)?<\/strong>&nbsp;&nbsp;<\/p>\n\n\n\n<p>Sout\u011b\u017e umo\u017e\u0148uje zadavateli vyb\u00edrat z\u202fn\u011bkolika konkr\u00e9tn\u00edch n\u00e1vrh\u016f stavby a vybrat si to nejlep\u0161\u00ed \u0159e\u0161en\u00ed, kter\u00e9 odpov\u00edd\u00e1 jeho po\u017eadavk\u016fm v\u202fzad\u00e1n\u00ed. Hodnot\u00ed se nejenom architektura, ale nap\u0159\u00edklad i koncept technick\u00e9ho, dopravn\u00edho nebo krajin\u00e1\u0159sk\u00e9ho \u0159e\u0161en\u00ed nebo p\u0159edpokl\u00e1dan\u00e9 investi\u010dn\u00ed n\u00e1klady.&nbsp;&nbsp;<\/p>\n\n\n\n<p><strong>Jak dlouho se s Va\u0161\u00edm t\u00fdmem zab\u00fdv\u00e1te organizov\u00e1n\u00edm sout\u011b\u017e\u00ed, a co si \u010dlov\u011bk mimo obor m\u016f\u017ee p\u0159edstavit pod pojmem organiz\u00e1tor sout\u011b\u017ee?&nbsp;<\/strong>&nbsp;<\/p>\n\n\n\n<p>Sout\u011b\u017e\u00edm se v\u011bnujeme od roku 2016 a m\u00e1me za sebou zhruba 50 referenc\u00ed na sout\u011b\u017ee, sout\u011b\u017en\u00ed dialogy nebo workshopy. Organiz\u00e1tor m\u00e1 na starosti cel\u00fd proces, kter\u00fd mus\u00ed prob\u011bhnou podle z\u00e1kona o zad\u00e1v\u00e1n\u00ed ve\u0159ejn\u00fdch zak\u00e1zek a sout\u011b\u017en\u00edho \u0159\u00e1du \u010cesk\u00e9 komory architekt\u016f. P\u0159ipravuje sout\u011b\u017en\u00ed zad\u00e1n\u00ed a sout\u011b\u017en\u00ed podm\u00ednky, organizuje v\u0161echna jedn\u00e1n\u00ed poroty, a nakonec p\u0159ed\u00e1 kompletn\u00ed spis.&nbsp;<\/p>\n\n\n\n<p><strong>Na z\u00e1klad\u011b Va\u0161\u00ed dlouholet\u00e9 praxe m\u00e1te jist\u011b pojmenovan\u00e9 hlavn\u00ed klady sout\u011b\u017ee, kter\u00e9 to jsou? A jak\u00e9 jsou mo\u017en\u00e9 z\u00e1pory?&nbsp;<\/strong>&nbsp;<\/p>\n\n\n\n<p>Nejv\u011bt\u0161\u00edm kladem je pr\u00e1v\u011b mo\u017enost vyb\u00edrat z\u202fv\u00edce n\u00e1vrh\u016f, to \u017e\u00e1dn\u00fd jin\u00fd druh v\u00fdb\u011brov\u00e9ho \u0159\u00edzen\u00ed neumo\u017e\u0148uje. D\u00e1le anonymita a transparentnost cel\u00e9ho procesu a tak\u00e9 odbornost poroty. Nev\u00fdhodou m\u016f\u017ee b\u00fdt v\u011bt\u0161\u00ed \u010dasov\u00e1 a finan\u010dn\u00ed n\u00e1ro\u010dnost na za\u010d\u00e1tku sout\u011b\u017ee, ale v\u202fcel\u00e9m dlouholet\u00e9m procesu p\u0159\u00edpravy a financov\u00e1n\u00ed stavby nejde o nic z\u00e1sadn\u00edho.&nbsp;&nbsp;<\/p>\n\n\n\n<p><strong>Jak prob\u00edhal v\u00fdb\u011br nez\u00e1visl\u00e9 odborn\u00e9 poroty?&nbsp;<\/strong>&nbsp;<\/p>\n\n\n\n<p>Oslovili jsme architekty, kte\u0159\u00ed maj\u00ed zku\u0161enosti s\u202fpodobn\u00fdm zad\u00e1n\u00edm, tedy rekonstrukce n\u00e1m\u011bst\u00ed nebo parku a z\u00e1rove\u0148 maj\u00ed realizace v\u202fokoln\u00edch m\u011bstech na Vyso\u010din\u011b. Nakonec s\u202fn\u00e1mi spolupracovali Ale\u0161 Burian, Lud\u011bk R\u00fdzner, Lubo\u0161 Klab\u00edk, Kate\u0159ina Waldhauser a Ondrej Palen\u010dar.&nbsp;&nbsp;<\/p>\n\n\n\n<p><strong>P\u0159ekvapilo V\u00e1s n\u011bco p\u0159i organizov\u00e1n AS na revitalizaci Bechy\u0148ova n\u00e1m\u011bst\u00ed v P\u0159ibyslavi?<\/strong>&nbsp;&nbsp;<\/p>\n\n\n\n<p class=\"has-black-color has-text-color has-link-color wp-elements-7a06ed025ff234aa4a9d691be164be23\">Zat\u00edm celkem bezprobl\u00e9mov\u00fd pr\u016fb\u011bh, neb\u00fdv\u00e1 to v\u017edy zvykem. Ale uvid\u00edme, jak to bude p\u0159i projedn\u00e1n\u00ed v\u00edt\u011bzn\u00e9ho n\u00e1vrhu s ve\u0159ejnost\u00ed a s\u202fdot\u010den\u00fdmi org\u00e1ny. <\/p>\n\n\n\n<p class=\"has-vivid-cyan-blue-color has-text-color has-link-color wp-elements-dde3f0a6f2f96ae0b343d11674410b3d\">Je nutn\u00e9 si uv\u011bdomit, \u017ee sout\u011b\u017en\u00ed n\u00e1vrh p\u0159edstavuje z\u00e1kladn\u00ed koncept, kter\u00fd m\u016f\u017ee b\u00fdt v detailech upraven. Nap\u0159\u00edklad p\u0159esn\u00fd po\u010det a um\u00edst\u011bn\u00ed parkovac\u00edch m\u00edst bude ur\u010dit\u011b p\u0159edm\u011btem dal\u0161\u00ed diskuse s ve\u0159ejnost\u00ed a politiky.\u00a0<\/p>\n\n\n\n<p><strong>P\u0159ed\u010dil po\u010det doru\u010den\u00fdch n\u00e1vrh\u016f Va\u0161e o\u010dek\u00e1v\u00e1n\u00ed?&nbsp;<\/strong>&nbsp;<\/p>\n\n\n\n<p>13 n\u00e1vrh\u016f je o n\u011bco v\u00edce, ne\u017e na tento typ sout\u011b\u017e\u00ed chod\u00ed. Je nutn\u00e9 si uv\u011bdomit, \u017ee ne v\u0161ichni architekti se v\u011bnuj\u00ed n\u00e1m\u011bst\u00edm a park\u016fm, je to trochu specifick\u00e9 t\u00e9ma pro vybran\u00fd typ architekt\u016f. Z\u00e1rove\u0148 p\u0159ipom\u00edn\u00e1m, \u017ee ceny a odm\u011bny dostalo pouze prvn\u00edch p\u011bt, jejich\u017e n\u00e1vrhy vybrala porota.&nbsp;<\/p>\n\n\n\n<p><strong>Kolik sout\u011b\u017e\u00ed se v \u010cesk\u00e9 republice uspo\u0159\u00e1d\u00e1 za rok a jak si vedeme v evropsk\u00e9m m\u011b\u0159\u00edtku? Kolik % v\u0161ech sout\u011b\u017e\u00ed tvo\u0159\u00ed AS?&nbsp;<\/strong>&nbsp;<\/p>\n\n\n\n<p>V\u202fposledn\u00edch letech prob\u00edh\u00e1 v \u010cesku zhruba 60 sout\u011b\u017e\u00ed za rok, co\u017e je t\u0159eba dvakr\u00e1t m\u00e9n\u011b ne\u017e v\u202fsousedn\u00edm Rakousku, ale tento po\u010det pomalu nar\u016fst\u00e1. St\u00e1le jde \u0159\u00e1dov\u011b pouze o jedno procento v\u0161ech ve\u0159ejn\u00fdch zak\u00e1zek, ale samoz\u0159ejm\u011b nejde takto sout\u011b\u017eit v\u0161echno. Sout\u011b\u017e je ur\u010dena p\u0159edev\u0161\u00edm pro ty zadavatele, kte\u0159\u00ed si uv\u011bdomuj\u00ed jej\u00ed v\u00fdhody.&nbsp;<\/p>\n\n\n\n<p><strong>Jak jste s odstupem \u010dasu spokojen\u00fd s cel\u00fdm pr\u016fb\u011bhem AS, pot\u00e9, co ji\u017e zn\u00e1me v\u00fdsledky sout\u011b\u017ee?<\/strong>&nbsp;<\/p>\n\n\n\n<p>Jsem r\u00e1d, \u017ee m\u011bsto P\u0159ibyslav sout\u011b\u017e vyhl\u00e1silo. V\u011b\u0159\u00edm, \u017ee splnila o\u010dek\u00e1v\u00e1n\u00ed veden\u00ed m\u011bsta a v\u00fdsledky budou zaj\u00edmav\u00e9 i pro ve\u0159ejnost.&nbsp;<\/p>\n\n\n\n<div style=\"height:76px\" aria-hidden=\"true\" class=\"wp-block-spacer\"><\/div>\n\n\n\n<hr class=\"wp-block-separator alignwide has-alpha-channel-opacity is-style-dots\"\/>\n\n\n\n<div style=\"height:100px\" aria-hidden=\"true\" class=\"wp-block-spacer\"><\/div>\n\n\n\n<p class=\"has-medium-font-size\"><strong>Klab\u00edk: Za\u010dal jsem se v P\u0159ibyslavi c\u00edtit jako doma<\/strong><br><br>Rozhovor s panem Ing. arch. Lubo\u0161em Klab\u00edkem &#8211; revitalizace Bechy\u0148ova n\u00e1m\u011bst\u00ed v P\u0159ibyslavi.<br><br><\/p>\n\n\n\n<p><em>Architekt a urbanista. Vystudoval FA \u010cVUT v Praze. Dlouhodob\u011b se v\u011bnuje popularizaci m\u011bstsk\u00fdch t\u00e9mat v r\u00e1mci archibn a Re-vize \u00dast\u00ed. Zakladatel a jednatel spole\u010dnosti ateli\u00e9r te\u010dka s.r.o. \u2013 <a href=\"http:\/\/www.tecka.city\" target=\"_blank\" rel=\"noreferrer noopener\">www.tecka.city<\/a>. C\u00edlem ateli\u00e9ru jsou dobr\u00e1 a funguj\u00edc\u00ed m\u00edsta pro lidi. Propojujeme se s dal\u0161\u00edmi odborn\u00edky a \u0161ijeme na m\u00edru \u0159e\u0161en\u00ed probl\u00e9mu. Naslouch\u00e1me, vyr\u00e1\u017e\u00edme do ter\u00e9nu a bav\u00edme se s lidmi. P\u0159ij\u010fte za n\u00e1mi s probl\u00e9mem, jeho p\u0159\u00ed\u010dinu i nejefektivn\u011bj\u0161\u00ed zp\u016fsob jeho \u0159e\u0161en\u00ed najdeme spole\u010dn\u011b. \u0158e\u0161it d\u016fm, m\u011bsto, vesnici i krajinu je radost! Chceme, aby to bavilo n\u00e1s i v\u00e1s.<\/em><\/p>\n\n\n\n<figure class=\"wp-block-image size-full is-resized\"><img loading=\"lazy\" decoding=\"async\" width=\"485\" height=\"481\" src=\"https:\/\/opukapribyslav.cz\/wp-content\/uploads\/2024\/02\/klabik-1.jpg\" alt=\"\" class=\"wp-image-962\" style=\"width:500px\" srcset=\"https:\/\/opukapribyslav.cz\/wp-content\/uploads\/2024\/02\/klabik-1.jpg 485w, https:\/\/opukapribyslav.cz\/wp-content\/uploads\/2024\/02\/klabik-1-300x298.jpg 300w, https:\/\/opukapribyslav.cz\/wp-content\/uploads\/2024\/02\/klabik-1-150x150.jpg 150w\" sizes=\"auto, (max-width: 485px) 100vw, 485px\" \/><\/figure>\n\n\n\n<p><br><em>zdroj: cka.cz<\/em><\/p>\n\n\n\n<p><strong>Na za\u010d\u00e1tek V\u00e1s budu citovat: \u201eS Mir<\/strong><strong>kem Vod<\/strong><strong>\u00e1kem z CBArchitektura m\u00e1me krom\u011b l\u00e1sky k urbanismu a kvalitn\u00ed <\/strong><strong>architektu<\/strong><strong>\u0159e spole\u010dn<\/strong><strong>\u00e9 <\/strong><strong>je\u0161t\u011b <\/strong><strong>to, <\/strong><strong>\u017ee na\u0161e \u017eeny poch\u00e1zej\u00ed z Vyso\u010diny. A tak jsme nemohli odolat nab\u00eddce od sympatick<\/strong><strong>\u00e9<\/strong><strong>ho veden\u00ed charismatick<\/strong><strong>\u00e9 <\/strong><strong>P\u0159ibyslavi, jej\u00ed\u017e n\u00e1m\u011bst\u00ed ve tvaru podkovy dominuje skalnat<\/strong><strong>\u00e9<\/strong><strong>mu vrchu u S\u00e1zavy.<\/strong><strong>\u201c <\/strong><strong>Va\u0161e slova se \u010dtou velice p\u011bkn\u011b, a\u017e se mi vybavily \u0159\u00e1dky z knihy Obrazy m\u011bsta od Kevina Lynche. Zm\u011bnil se V\u00e1\u0161 vztah k m\u011bstu P\u0159ibyslav za rok intenzivn\u00ed pr\u00e1ce okolo architektonick<\/strong><strong>\u00e9 sout<\/strong><strong>\u011b\u017ee na revitalizaci Bechy\u0148ova n\u00e1m\u011bst\u00ed?&nbsp;<\/strong>&nbsp;<\/p>\n\n\n\n<p>Mus\u00edm \u0159\u00edct, \u017ee se sem r\u00e1d budu vracet a t\u011b\u0161\u00edm se, jak va\u0161e n\u00e1m\u011bst\u00ed bude postupn\u011b proch\u00e1zet prom\u011bnou! Spolupr\u00e1ce s m\u011bstem &#8211; p\u0159edev\u0161\u00edm s panem m\u00edstostarostou Omesem &#8211; byla velmi p\u0159\u00edjemn\u00e1, profesion\u00e1ln\u00ed a obohacuj\u00edc\u00ed. Nest\u00e1v\u00e1 se mi to v\u017edy, ale za\u010dal jsem se v P\u0159ibyslavi c\u00edtit jako doma.&nbsp;<\/p>\n\n\n\n<p><strong>Kdy jste poprv<\/strong><strong>\u00e9 <\/strong><strong>nav\u0161t\u00edvil P\u0159ibyslav, m\u00e1te na to n\u011bjakou vzpom\u00ednku?&nbsp;<\/strong>&nbsp;<\/p>\n\n\n\n<p>No je to jasn\u00e9 \u2013 podkova v jej\u00edm\u017e t\u011b\u017ei\u0161ti stoj\u00ed v\u011b\u017e, kter\u00e1 m\u011b svou velikost\u00ed p\u0159ekvapila a to cel\u00e9 obj\u00edm\u00e1 z\u00e1krut \u0159eky S\u00e1zavy. Trochu mi to p\u0159ipomn\u011blo, kdy\u017e jsem nav\u0161t\u00edvil italskou Sienu. Jej\u00ed n\u00e1m\u011bst\u00ed je pova\u017eov\u00e1no za nejhez\u010d\u00ed na sv\u011bt\u011b a m\u00e1 dost podobnou kompozici \u2013 podkova s v\u011b\u017e\u00ed.&nbsp;<\/p>\n\n\n\n<p><strong>Zab\u00fdval jste se p\u0159\u00edpravou zad\u00e1n\u00ed architektonick<\/strong><strong>\u00e9 sout<\/strong><strong>\u011b\u017ee (AS)a n\u00e1sledn\u011b jste i zasedl v odborn<\/strong><strong>\u00e9 <\/strong><strong>porot\u011b, zkuste nast\u00ednit co obn\u00e1\u0161<\/strong><strong>ela Va<\/strong><strong>\u0161e pr\u00e1ce?&nbsp;<\/strong>&nbsp;<\/p>\n\n\n\n<p>Museli jsme si detailn\u011b proj\u00edt \u00fazem\u00ed, zjistit, co od n\u00e1m\u011bst\u00ed m\u011bsto o\u010dek\u00e1v\u00e1. Potom jsme n\u011bkolik m\u011bs\u00edc\u016f d\u00e1vali dohromady podklady \u2013 podzemn\u00ed i nadzemn\u00ed rozvody, po\u017eadavky a probl\u00e9my vlastn\u00edk\u016f objekt\u016f, podn\u011bty od ob\u010dan\u016f m\u011bsta. To v\u0161e jsme potom museli extrahovat do podklad\u016f pro sout\u011b\u017e\u00edc\u00ed, anal\u00fdz a p\u0159edev\u0161\u00edm do po\u017eadavk\u016f na sout\u011b\u017en\u00ed n\u00e1vrh, co\u017e bylo pro sout\u011b\u017e\u00edc\u00ed st\u011b\u017eejn\u00ed.&nbsp;<\/p>\n\n\n\n<p><strong>V souvislosti s Bechy\u0148ov\u00fdm n\u00e1m\u011bst\u00edm jsou \u010dasto sly\u0161et negativn\u00ed p\u0159ipom\u00ednky, jako nap\u0159\u00edklad k\u0159\u00ed\u017een\u00ed silnic prvn\u00ed a druh<\/strong><strong>\u00e9 <\/strong><strong>t\u0159\u00eddy, m\u00e1lo parkovac\u00ed<\/strong><strong>ch m<\/strong><strong>\u00edst, hroby a pietn\u00ed m\u00edsto. Jak vn\u00edm\u00e1te vy n\u00e1m\u011bst\u00ed &#8211; pohledem zven\u010d\u00ed a zkuste popsat jeho hlavn\u00ed p\u0159ednosti?<\/strong>&nbsp;<\/p>\n\n\n\n<p>Mysl\u00edm, \u017ee doprava probl\u00e9m nen\u00ed, sp\u00ed\u0161 je to charakter komunikac\u00ed a jejich okol\u00ed. V minulosti se rozhodn\u011b s takov\u00fdm zat\u00ed\u017een\u00edm nepo\u010d\u00edtalo. Bohu\u017eel jak \u0161lo o postupn\u00fd n\u00e1r\u016fst t\u011b\u017ek\u00e9 dopravy, m\u011bsto se tomu nep\u0159izp\u016fsobovalo postupn\u011b. Minul\u00fd re\u017eim necht\u011bl, aby se lid\u00e9 sch\u00e1zeli a tak v\u011bdom\u011b n\u00e1m\u011bst\u00ed p\u0159etv\u00e1\u0159el na parkovi\u0161t\u011b. A to je dne\u0161n\u00ed stav \u2013 je to takov\u00fd meziprostor. P\u0159ibyla doprava, ale n\u00e1m\u011bst\u00ed se na to nep\u0159izp\u016fsobilo, jen se vyasfaltovaly v\u011bt\u0161\u00ed plochy. Parkov\u00e1n\u00ed nen\u00ed o mno\u017estv\u00ed ale sp\u00ed\u0161e o vyu\u017eit\u00ed. Kdy\u017e tu n\u011bkdo odstav\u00ed sv\u00e9 druh\u00e9 auto na n\u011bkolik t\u00fddn\u016f, tak zab\u00edr\u00e1 m\u00edsto, kter\u00e9 mohl ka\u017edou hodinu vyu\u017e\u00edt n\u011bkdo jin\u00fd. J\u00e1 vn\u00edm\u00e1m jako hlavn\u00ed p\u0159ednosti tvar, kompozici strom\u016f, to, \u017ee je \u017eiv\u00e9 a ne jen n\u011bjak\u00fd historick\u00fd skanzen. M\u016f\u017ee se to zd\u00e1t jako m\u00e1lo, ale vzhledem ke sv\u00e9 praxi jsem za\u017eil kr\u00e1sn\u00e1, ale mrtv\u00e1 n\u00e1m\u011bst\u00ed. Tvar a nato\u010den\u00ed ke sv\u011btov\u00fdm stran\u00e1m zase napom\u00e1h\u00e1 obytnosti n\u00e1m\u011bst\u00ed a tomu, aby se tu lid\u00e9 potk\u00e1vali p\u0159irozen\u011b, zapov\u00eddali se. To je nejv\u00edc, co od n\u00e1m\u011bst\u00ed m\u016f\u017eeme cht\u00edt a kdy\u017e to podpo\u0159\u00edme p\u0159\u00edjemn\u011bj\u0161\u00edmi plochami pro chodce, obnovou vegetace a mobili\u00e1\u0159em, tak v\u011b\u0159\u00edm, \u017ee to pozitivn\u011b ovlivn\u00ed \u017eivot v obci na des\u00edtky let.&nbsp;<\/p>\n\n\n\n<p>&nbsp;<strong>Po ve\u0159ejn<\/strong><strong>\u00e9 <\/strong><strong>participaci, kter\u00e1 prob\u011bhla v dubnu, mi z\u016fstal zafixov\u00e1n poznatek-charakter\/identita P\u0159ibyslavi &#8211; vyu\u017e\u00edt rekonstrukci jako p\u0159\u00edle\u017eitost k pozn\u00e1n\u00ed <\/strong><strong>historie m<\/strong><strong>\u011bsta. Jak\u00e1 je podle V\u00e1s identita na\u0161eho m\u011bsta, jak na V\u00e1<\/strong><strong>s p<\/strong><strong>\u016f<\/strong><strong>sob<\/strong><strong>\u00ed?<\/strong>&nbsp;<\/p>\n\n\n\n<p>Mo\u017en\u00e1 bych to zkusil jedn\u00edm slovem \u2013 akor\u00e1t. Je tu v\u0161e, co pot\u0159ebuju pro \u017eivot, fajn lidi, kr\u00e1sn\u00e9 okol\u00ed. U\u017e je tu c\u00edtit funguj\u00edc\u00ed spole\u010denstv\u00ed lid\u00ed, ale je\u0161t\u011b to nen\u00ed anonymn\u00ed v\u011bt\u0161\u00ed m\u011bsto. Prost\u011b m\u011bsto jak z n\u011bjak\u00e9ho p\u011bkn\u00e9ho p\u0159\u00edb\u011bhu s bohatou histori\u00ed. My jsme se zam\u011b\u0159ovali na budoucnost, kter\u00e1 spo\u010d\u00edv\u00e1 v nav\u00e1z\u00e1n\u00ed je\u0161t\u011b lep\u0161\u00edch vztah\u016f, kter\u00e9 byly za minul\u00e9ho re\u017eimu p\u0159etrh\u00e1ny. Lid\u00e9 nemohli ovliv\u0148ovat stav obce, d\u011bn\u00ed, \u010dasto byli nuceni rad\u011bji ml\u010det, ze strachu. To se do m\u011bst stra\u0161n\u011b propsalo a mysl\u00edm, \u017ee pot\u0159ebujeme je\u0161t\u011b dal\u0161\u00edch 30 let po revoluci, aby lid\u00e9 op\u011bt vzali fungov\u00e1n\u00ed v\u00edce do sv\u00fdch rukou, zaj\u00edmali se, byli aktivn\u011bj\u0161\u00ed.&nbsp;<\/p>\n\n\n\n<p><strong>Nebyla to pro V\u00e1s prvn\u00ed <\/strong><strong>sout<\/strong><strong>\u011b\u017e, je i tak n\u011bco, co V\u00e1<\/strong><strong>s p<\/strong><strong>\u0159ekvapilo, \u010di ve V\u00e1<\/strong><strong>s a<\/strong><strong>\u0165 u\u017e pozitivn\u011b, \u010di negativn\u011b rezonovalo?&nbsp;<\/strong>&nbsp;<\/p>\n\n\n\n<p>P\u0159i\u0161lo opravdu velk\u00e9 mno\u017estv\u00ed n\u00e1vrh\u016f a je\u0161t\u011b k tomu jich bylo dost kvalitn\u00edch. To je pro m\u011bsto ohromn\u00e1 hodnota, proto\u017ee vyb\u00edr\u00e1 u\u017e na z\u00e1klad\u011b n\u011b\u010deho, co se d\u00e1 p\u0159edstavit. Mysl\u00edm, \u017ee se kr\u00e1sn\u011b poda\u0159ilo skloubit pam\u00e1tkovou ochranu i soudob\u00e9 po\u017eadavky, co\u017e na za\u010d\u00e1tku mohlo vypadat trochu ne\u0159e\u0161iteln\u011b. I diskuse v porot\u011b byla konstruktivn\u00ed a v\u00edt\u011bz byl vybr\u00e1n jednohlasn\u011b.&nbsp;<\/p>\n\n\n\n<p><strong>Jak jste nyn\u00ed s odstupem \u010dasu spokojen\u00fd <\/strong><strong>s pr<\/strong><strong>\u016fb\u011bhem sout\u011b\u017ee, a\u0165 ji\u017e jako architekt p\u0159ipravuj\u00edc\u00ed <\/strong><strong>zad<\/strong><strong>\u00e1n\u00ed, porotce, \u010di milovn\u00edk urbanismu? \u010cekaj\u00ed V\u00e1s v r\u00e1mci AS je\u0161t\u011b n\u011bjak\u00e9 \u010dinnosti?&nbsp;<\/strong>&nbsp;<\/p>\n\n\n\n<p>J\u00e1 bych nic nem\u011bnil. Odvaha a odhodl\u00e1n\u00ed veden\u00ed m\u011bsta j\u00edt cestou sout\u011b\u017ee byla spr\u00e1vn\u00e1. My jsme se s ateli\u00e9rem te\u010dka v\u011bnovali p\u0159\u00edprav\u011b nadstandardn\u00ed \u00fasil\u00ed, proto\u017ee n\u00e1m m\u00edsto p\u0159irostlo k srdci. Spousta pr\u00e1ce bude je\u0161t\u011b po podeps\u00e1n\u00ed smlouvy s v\u00edt\u011bzn\u00fdm t\u00fdmem. Tam se asi je\u0161t\u011b zapoj\u00edme, abychom p\u0159edali m\u00edstn\u00ed znalost a po\u017eadavky ob\u010dan\u016f d\u00e1l, aby se neztratily. Jako vhodn\u00e9 by mi tak\u00e9 p\u0159i\u0161lo zkr\u00e1tit proces projektov\u00e1n\u00ed, kter\u00fd bude trvat minim\u00e1ln\u011b 3 roky n\u011bjakou do\u010dasnou \u00fapravou \u2013 mobili\u00e1\u0159e, vegetace, dopravy. Prost\u011b tak, aby si ob\u010dan\u00e9 mohli zm\u011bnu u\u017e\u00edvat postupn\u011b a byli o v\u0161em v\u010das informov\u00e1n\u00ed.&nbsp;<\/p>\n\n\n\n<p><strong>Objevil jste v P\u0159ibyslavi dal\u0161\u00ed stavby, \u010di prostory, kter<\/strong><strong>\u00e9 <\/strong><strong>by si zaslou\u017eily AS?<\/strong>&nbsp;<\/p>\n\n\n\n<p>Sout\u011b\u017eit se d\u00e1 i ka\u0161na, pam\u00e1tn\u00edk nebo bytov\u00fd d\u016fm. Rozhodn\u011b to nen\u00ed n\u00e1stroj jen pro velik\u00e9 projekty. Je na m\u011bstsk\u00e9m architektovi (extern\u00ed poradn\u00ed org\u00e1n, kter\u00fd m\u00fdvaj\u00ed \u010desk\u00e1 m\u011bsta) a veden\u00ed m\u011bsta, aby spole\u010dn\u011b rozhodli, kdy je vhodn\u00e1 sout\u011b\u017e a kdy volit jin\u00e9 formy v\u00fdb\u011brov\u00fdch \u0159\u00edzen\u00ed. V\u017edy by m\u011blo ale prim\u00e1rn\u011b j\u00edt o kvalitu. Hlavn\u00ed investor je ve\u0159ejnost, stejn\u011b jako hlavn\u00ed u\u017eivatel. A to, co se postav\u00ed, z\u016fstane v\u017edy minim\u00e1ln\u011b 50-100 let. Mysl\u00edm, tak\u00e9, \u017ee je dobr\u00e9 se zam\u011b\u0159it pr\u00e1v\u011b na m\u011b\u0159\u00edtko ulic, n\u011bkde p\u0159idat lavi\u010dku, n\u011bkde dos\u00e1zet stromy, ud\u011blat lep\u0161\u00ed prostupnost (t\u0159eba z n\u00e1m\u011bst\u00ed p\u0159es dv\u016fr muzea na P\u0159\u00edkopy). Ne v\u017edycky mus\u00ed j\u00edt o velk\u00e9 projekty, n\u011bkdy sta\u010d\u00ed drobn\u00e1 zlep\u0161en\u00ed vych\u00e1zej\u00edc\u00ed z pozorov\u00e1n\u00ed b\u011b\u017en\u00e9ho \u017eivota. P\u0159ibyslavsk\u00e9 n\u00e1m\u011bst\u00ed si ale sout\u011b\u017e a po\u0159\u00e1dn\u00fd projekt opravdu zaslou\u017e\u00ed!&nbsp;<\/p>\n\n\n\n<div style=\"height:32px\" aria-hidden=\"true\" class=\"wp-block-spacer\"><\/div>\n\n\n\n<p>D\u011bkujeme, za spolek OPUKA z.s. se ptali Petr M\u00e1lek a Ond\u0159ej Lehrl<\/p>\n\n\n\n<p><\/p>\n\n\n\n<div style=\"height:69px\" aria-hidden=\"true\" class=\"wp-block-spacer\"><\/div>\n\n\n\n<hr class=\"wp-block-separator alignwide has-alpha-channel-opacity is-style-dots\"\/>\n\n\n\n<div style=\"height:100px\" aria-hidden=\"true\" class=\"wp-block-spacer\"><\/div>\n\n\n\n<p class=\"has-text-align-left\" style=\"font-size:23px\">BE DECENT&#8230;<\/p>\n\n\n\n<div style=\"height:22px\" aria-hidden=\"true\" class=\"wp-block-spacer\"><\/div>\n\n\n\n<p><\/p>\n\n\n\n<figure class=\"wp-block-image size-large\"><img loading=\"lazy\" decoding=\"async\" width=\"1024\" height=\"512\" src=\"https:\/\/opukapribyslav.cz\/wp-content\/uploads\/2023\/11\/404446395_785123546657729_8242497344453621200_n-1024x512.jpg\" alt=\"\" class=\"wp-image-841\" srcset=\"https:\/\/opukapribyslav.cz\/wp-content\/uploads\/2023\/11\/404446395_785123546657729_8242497344453621200_n-1024x512.jpg 1024w, https:\/\/opukapribyslav.cz\/wp-content\/uploads\/2023\/11\/404446395_785123546657729_8242497344453621200_n-300x150.jpg 300w, https:\/\/opukapribyslav.cz\/wp-content\/uploads\/2023\/11\/404446395_785123546657729_8242497344453621200_n-768x384.jpg 768w, https:\/\/opukapribyslav.cz\/wp-content\/uploads\/2023\/11\/404446395_785123546657729_8242497344453621200_n-1536x768.jpg 1536w, https:\/\/opukapribyslav.cz\/wp-content\/uploads\/2023\/11\/404446395_785123546657729_8242497344453621200_n.jpg 2048w\" sizes=\"auto, (max-width: 1024px) 100vw, 1024px\" \/><\/figure>\n\n\n\n<p><\/p>\n\n\n\n<div style=\"height:59px\" aria-hidden=\"true\" class=\"wp-block-spacer\"><\/div>\n\n\n\n<p class=\"has-medium-font-size\"><\/p>\n\n\n\n<p><\/p>\n\n\n\n<div style=\"height:51px\" aria-hidden=\"true\" class=\"wp-block-spacer\"><\/div>\n\n\n\n<div class=\"wp-block-columns alignfull is-layout-flex wp-container-core-columns-is-layout-9d6595d7 wp-block-columns-is-layout-flex\">\n<div class=\"wp-block-column is-vertically-aligned-center is-layout-flow wp-block-column-is-layout-flow\" style=\"flex-basis:100%\">\n<a href=\"https:\/\/www.toplist.cz\/stat\/1806792\/\"><script language=\"JavaScript\" type=\"text\/javascript\" charset=\"utf-8\">\n<!--\ndocument.write('<img loading=\"lazy\" decoding=\"async\" src=\"https:\/\/toplist.cz\/dot.asp?id=1806792&http='+\nencodeURIComponent(document.referrer)+'&t='+encodeURIComponent(document.title)+'&l='+encodeURIComponent(document.URL)+\n'&wi='+encodeURIComponent(window.screen.width)+'&he='+encodeURIComponent(window.screen.height)+'&cd='+\nencodeURIComponent(window.screen.colorDepth)+'\" width=\"1\" height=\"1\" border=0 alt=\"TOPlist\" \/>');\n\/\/--><\/script><noscript><img loading=\"lazy\" decoding=\"async\" src=\"https:\/\/toplist.cz\/dot.asp?id=1806792&amp;njs=1\" border=\"0\" alt=\"TOPlist\" width=\"1\" height=\"1\"><\/noscript><\/a>\n<\/div>\n<\/div>\n\n\n\n<p><\/p>\n\n\n\n<p><\/p>\n","protected":false},"excerpt":{"rendered":"<p>AKTUALITY T\u0159in\u00e1ct n\u00e1vrh\u016f je nadstandard, \u0159\u00edk\u00e1 architekt Vod\u00e1k Rozhovor s panem Ing. arch Miroslavem Vod\u00e1kem na t\u00e9ma revitalizace Bechy\u0148ova n\u00e1m\u011bst\u00ed v P\u0159ibyslavi. Miroslav Vod\u00e1k \/ 1979 &#8211; je absolvent Fakulty architektury \u010cVUT. Architektonickou praxi z\u00edskal v ateli\u00e9rech A8000 St\u0159\u00edteck\u00fd Krupauer a CGA Architects v New Yorku. Jako \u010dlen platformy CBArchitektura se v\u011bnuje propagaci architektury ve\u0159ejn\u00fdch &hellip;<\/p>\n<p class=\"read-more\"> <a class=\"\" href=\"https:\/\/opukapribyslav.cz\/\">  Pokra\u010dovat ve \u010dten\u00ed &raquo;<\/a><\/p>\n","protected":false},"author":1,"featured_media":0,"parent":0,"menu_order":0,"comment_status":"closed","ping_status":"closed","template":"","meta":{"footnotes":""},"class_list":["post-29","page","type-page","status-publish","hentry"],"_links":{"self":[{"href":"https:\/\/opukapribyslav.cz\/index.php?rest_route=\/wp\/v2\/pages\/29","targetHints":{"allow":["GET"]}}],"collection":[{"href":"https:\/\/opukapribyslav.cz\/index.php?rest_route=\/wp\/v2\/pages"}],"about":[{"href":"https:\/\/opukapribyslav.cz\/index.php?rest_route=\/wp\/v2\/types\/page"}],"author":[{"embeddable":true,"href":"https:\/\/opukapribyslav.cz\/index.php?rest_route=\/wp\/v2\/users\/1"}],"replies":[{"embeddable":true,"href":"https:\/\/opukapribyslav.cz\/index.php?rest_route=%2Fwp%2Fv2%2Fcomments&post=29"}],"version-history":[{"count":277,"href":"https:\/\/opukapribyslav.cz\/index.php?rest_route=\/wp\/v2\/pages\/29\/revisions"}],"predecessor-version":[{"id":1001,"href":"https:\/\/opukapribyslav.cz\/index.php?rest_route=\/wp\/v2\/pages\/29\/revisions\/1001"}],"wp:attachment":[{"href":"https:\/\/opukapribyslav.cz\/index.php?rest_route=%2Fwp%2Fv2%2Fmedia&parent=29"}],"curies":[{"name":"wp","href":"https:\/\/api.w.org\/{rel}","templated":true}]}}