{"id":527,"date":"2023-03-11T13:47:03","date_gmt":"2023-03-11T13:47:03","guid":{"rendered":"https:\/\/opukapribyslav.cz\/?page_id=527"},"modified":"2024-03-03T20:16:21","modified_gmt":"2024-03-03T20:16:21","slug":"prednasky","status":"publish","type":"page","link":"https:\/\/opukapribyslav.cz\/?page_id=527","title":{"rendered":"P\u0159edn\u00e1\u0161ky"},"content":{"rendered":"\n<figure class=\"wp-block-image size-large is-resized\"><img loading=\"lazy\" decoding=\"async\" src=\"https:\/\/opukapribyslav.cz\/wp-content\/uploads\/2023\/03\/syrie-prednaska.png\" alt=\"\" class=\"wp-image-540\" width=\"380\" height=\"548\"\/><\/figure>\n\n\n\n<div style=\"height:50px\" aria-hidden=\"true\" class=\"wp-block-spacer\"><\/div>\n\n\n\n<hr class=\"wp-block-separator\"\/>\n\n\n\n<div style=\"height:50px\" aria-hidden=\"true\" class=\"wp-block-spacer\"><\/div>\n\n\n\n<figure class=\"wp-block-image size-large is-resized\"><a href=\"https:\/\/www.facebook.com\/DanPitek\" target=\"_blank\" rel=\"noopener\"><img loading=\"lazy\" decoding=\"async\" src=\"https:\/\/opukapribyslav.cz\/wp-content\/uploads\/2023\/03\/prednaska-pitek.png\" alt=\"\" class=\"wp-image-659\" width=\"380\" height=\"463\"\/><\/a><\/figure>\n\n\n\n<figure class=\"wp-block-image size-large is-resized\"><a href=\"https:\/\/www.facebook.com\/team4ukraine\" target=\"_blank\" rel=\"noopener\"><img loading=\"lazy\" decoding=\"async\" src=\"https:\/\/opukapribyslav.cz\/wp-content\/uploads\/2023\/03\/ukrajina-sybera.png\" alt=\"\" class=\"wp-image-642\" width=\"380\" height=\"544\"\/><\/a><\/figure>\n\n\n\n<figure class=\"wp-block-image size-large is-resized\"><a href=\"https:\/\/www.facebook.com\/CBArchitektura\" target=\"_blank\" rel=\"noopener\"><img loading=\"lazy\" decoding=\"async\" src=\"https:\/\/opukapribyslav.cz\/wp-content\/uploads\/2023\/03\/prednaska-archi-vodak.jpg\" alt=\"\" class=\"wp-image-653\" width=\"380\" height=\"541\"\/><\/a><\/figure>\n","protected":false},"excerpt":{"rendered":"","protected":false},"author":1,"featured_media":0,"parent":0,"menu_order":0,"comment_status":"closed","ping_status":"closed","template":"","meta":{"footnotes":""},"class_list":["post-527","page","type-page","status-publish","hentry"],"_links":{"self":[{"href":"https:\/\/opukapribyslav.cz\/index.php?rest_route=\/wp\/v2\/pages\/527","targetHints":{"allow":["GET"]}}],"collection":[{"href":"https:\/\/opukapribyslav.cz\/index.php?rest_route=\/wp\/v2\/pages"}],"about":[{"href":"https:\/\/opukapribyslav.cz\/index.php?rest_route=\/wp\/v2\/types\/page"}],"author":[{"embeddable":true,"href":"https:\/\/opukapribyslav.cz\/index.php?rest_route=\/wp\/v2\/users\/1"}],"replies":[{"embeddable":true,"href":"https:\/\/opukapribyslav.cz\/index.php?rest_route=%2Fwp%2Fv2%2Fcomments&post=527"}],"version-history":[{"count":22,"href":"https:\/\/opukapribyslav.cz\/index.php?rest_route=\/wp\/v2\/pages\/527\/revisions"}],"predecessor-version":[{"id":711,"href":"https:\/\/opukapribyslav.cz\/index.php?rest_route=\/wp\/v2\/pages\/527\/revisions\/711"}],"wp:attachment":[{"href":"https:\/\/opukapribyslav.cz\/index.php?rest_route=%2Fwp%2Fv2%2Fmedia&parent=527"}],"curies":[{"name":"wp","href":"https:\/\/api.w.org\/{rel}","templated":true}]}}